{"id":41,"date":"2023-02-14T12:37:25","date_gmt":"2023-02-14T12:37:25","guid":{"rendered":"https:\/\/centrodecatadecerveza.com\/?page_id=41"},"modified":"2025-10-07T12:31:40","modified_gmt":"2025-10-07T12:31:40","slug":"quienes-somos","status":"publish","type":"page","link":"https:\/\/centrodecatadecerveza.com\/index.php\/quienes-somos\/","title":{"rendered":"Quienes somos"},"content":{"rendered":"\t\t<div data-elementor-type=\"wp-page\" data-elementor-id=\"41\" class=\"elementor elementor-41\">\n\t\t\t\t\t\t<section class=\"elementor-section elementor-top-section elementor-element elementor-element-4ca2af0 elementor-section-full_width elementor-section-height-default elementor-section-height-default\" data-id=\"4ca2af0\" data-element_type=\"section\" data-settings=\"{&quot;background_background&quot;:&quot;classic&quot;}\">\n\t\t\t\t\t\t\t<div class=\"elementor-background-overlay\"><\/div>\n\t\t\t\t\t\t\t<div class=\"elementor-container elementor-column-gap-default\">\n\t\t\t\t\t<div class=\"elementor-column elementor-col-100 elementor-top-column elementor-element elementor-element-77865f2\" data-id=\"77865f2\" data-element_type=\"column\">\n\t\t\t<div class=\"elementor-widget-wrap elementor-element-populated\">\n\t\t\t\t\t\t<div class=\"elementor-element elementor-element-753c2b4 elementor-invisible elementor-widget elementor-widget-heading\" data-id=\"753c2b4\" data-element_type=\"widget\" data-settings=\"{&quot;_animation&quot;:&quot;fadeInLeft&quot;}\" data-widget_type=\"heading.default\">\n\t\t\t\t<div class=\"elementor-widget-container\">\n\t\t\t<style>\/*! elementor - v3.22.0 - 26-06-2024 *\/\n.elementor-heading-title{padding:0;margin:0;line-height:1}.elementor-widget-heading .elementor-heading-title[class*=elementor-size-]>a{color:inherit;font-size:inherit;line-height:inherit}.elementor-widget-heading .elementor-heading-title.elementor-size-small{font-size:15px}.elementor-widget-heading .elementor-heading-title.elementor-size-medium{font-size:19px}.elementor-widget-heading .elementor-heading-title.elementor-size-large{font-size:29px}.elementor-widget-heading .elementor-heading-title.elementor-size-xl{font-size:39px}.elementor-widget-heading .elementor-heading-title.elementor-size-xxl{font-size:59px}<\/style><h2 class=\"elementor-heading-title elementor-size-default\">El Centro de Cata de Cervezas<\/h2>\t\t<\/div>\n\t\t\t\t<\/div>\n\t\t\t\t<div class=\"elementor-element elementor-element-7193e15 elementor-invisible elementor-widget elementor-widget-text-editor\" data-id=\"7193e15\" data-element_type=\"widget\" data-settings=\"{&quot;_animation&quot;:&quot;fadeInRight&quot;}\" data-widget_type=\"text-editor.default\">\n\t\t\t\t<div class=\"elementor-widget-container\">\n\t\t\t<style>\/*! elementor - v3.22.0 - 26-06-2024 *\/\n.elementor-widget-text-editor.elementor-drop-cap-view-stacked .elementor-drop-cap{background-color:#69727d;color:#fff}.elementor-widget-text-editor.elementor-drop-cap-view-framed .elementor-drop-cap{color:#69727d;border:3px solid;background-color:transparent}.elementor-widget-text-editor:not(.elementor-drop-cap-view-default) .elementor-drop-cap{margin-top:8px}.elementor-widget-text-editor:not(.elementor-drop-cap-view-default) .elementor-drop-cap-letter{width:1em;height:1em}.elementor-widget-text-editor .elementor-drop-cap{float:left;text-align:center;line-height:1;font-size:50px}.elementor-widget-text-editor .elementor-drop-cap-letter{display:inline-block}<\/style>\t\t\t\t<p>Una historia que escribimos desde 2011<\/p>\t\t\t\t\t\t<\/div>\n\t\t\t\t<\/div>\n\t\t\t\t<div class=\"elementor-element elementor-element-9bf9101 elementor-invisible elementor-widget elementor-widget-text-editor\" data-id=\"9bf9101\" data-element_type=\"widget\" data-settings=\"{&quot;_animation&quot;:&quot;fadeIn&quot;}\" data-widget_type=\"text-editor.default\">\n\t\t\t\t<div class=\"elementor-widget-container\">\n\t\t\t\t\t\t\t<p>En el Centro De Cata De Cerveza nos dedicamos apasionadamente a difundir la cultura cervecera. Con el compromiso de educar y transmitir esta maravillosa bebida, ofrecemos cursos especializados que exploran los matices y la historia detr\u00e1s de cada cerveza.<\/p>\t\t\t\t\t\t<\/div>\n\t\t\t\t<\/div>\n\t\t\t\t<div class=\"elementor-element elementor-element-e4031cf elementor-invisible elementor-widget elementor-widget-heading\" data-id=\"e4031cf\" data-element_type=\"widget\" data-settings=\"{&quot;_animation&quot;:&quot;fadeInUp&quot;,&quot;_animation_delay&quot;:100}\" data-widget_type=\"heading.default\">\n\t\t\t\t<div class=\"elementor-widget-container\">\n\t\t\t<h2 class=\"elementor-heading-title elementor-size-default\">\u00bfQui\u00e9n forma parte?<\/h2>\t\t<\/div>\n\t\t\t\t<\/div>\n\t\t\t\t<section class=\"elementor-section elementor-inner-section elementor-element elementor-element-0a20b4c elementor-section-boxed elementor-section-height-default elementor-section-height-default\" data-id=\"0a20b4c\" data-element_type=\"section\" data-settings=\"{&quot;background_background&quot;:&quot;classic&quot;}\">\n\t\t\t\t\t\t<div class=\"elementor-container elementor-column-gap-default\">\n\t\t\t\t\t<div class=\"elementor-column elementor-col-50 elementor-inner-column elementor-element elementor-element-38d7939 elementor-invisible\" data-id=\"38d7939\" data-element_type=\"column\" data-settings=\"{&quot;animation&quot;:&quot;fadeInLeft&quot;,&quot;animation_delay&quot;:200}\">\n\t\t\t<div class=\"elementor-widget-wrap elementor-element-populated\">\n\t\t\t\t\t\t<div class=\"elementor-element elementor-element-95e1b03 elementor-widget elementor-widget-heading\" data-id=\"95e1b03\" data-element_type=\"widget\" data-widget_type=\"heading.default\">\n\t\t\t\t<div class=\"elementor-widget-container\">\n\t\t\t<h2 class=\"elementor-heading-title elementor-size-default\">Carolina Perez<\/h2>\t\t<\/div>\n\t\t\t\t<\/div>\n\t\t\t\t<div class=\"elementor-element elementor-element-5444cda elementor-widget elementor-widget-text-editor\" data-id=\"5444cda\" data-element_type=\"widget\" data-widget_type=\"text-editor.default\">\n\t\t\t\t<div class=\"elementor-widget-container\">\n\t\t\t\t\t\t\t<p>Ingeniera qu\u00edmica, con posgrados de especializaci\u00f3n en Ingenier\u00eda en calidad. Juez National BJCP.\u00a0 Co-Fundadora y Docente del Centro de Cata de Cervezas. Co- Fundadora de Ba-Malt y Bierlife F\u00e1brica de Cerveza y Bar. Disertante en numerosos eventos\/congresos de la Industria. Ha participado como Juez en numerosas competencias Nacionales e Internacionales incluyendo m\u00faltiples participaciones en la World Beer Cup.<\/p>\t\t\t\t\t\t<\/div>\n\t\t\t\t<\/div>\n\t\t\t\t\t<\/div>\n\t\t<\/div>\n\t\t\t\t<div class=\"elementor-column elementor-col-50 elementor-inner-column elementor-element elementor-element-7106495 elementor-invisible\" data-id=\"7106495\" data-element_type=\"column\" data-settings=\"{&quot;animation&quot;:&quot;fadeInRight&quot;,&quot;animation_delay&quot;:200}\">\n\t\t\t<div class=\"elementor-widget-wrap elementor-element-populated\">\n\t\t\t\t\t\t<div class=\"elementor-element elementor-element-0d2c4ae elementor-invisible elementor-widget elementor-widget-image\" data-id=\"0d2c4ae\" data-element_type=\"widget\" data-settings=\"{&quot;_animation&quot;:&quot;fadeIn&quot;}\" data-widget_type=\"image.default\">\n\t\t\t\t<div class=\"elementor-widget-container\">\n\t\t\t<style>\/*! elementor - v3.22.0 - 26-06-2024 *\/\n.elementor-widget-image{text-align:center}.elementor-widget-image a{display:inline-block}.elementor-widget-image a img[src$=\".svg\"]{width:48px}.elementor-widget-image img{vertical-align:middle;display:inline-block}<\/style>\t\t\t\t\t\t\t\t\t\t<img fetchpriority=\"high\" decoding=\"async\" width=\"225\" height=\"300\" src=\"https:\/\/centrodecatadecerveza.com\/wp-content\/uploads\/2025\/07\/Caro-3-225x300.png\" class=\"attachment-medium size-medium wp-image-415\" alt=\"\" srcset=\"https:\/\/centrodecatadecerveza.com\/wp-content\/uploads\/2025\/07\/Caro-3-225x300.png 225w, https:\/\/centrodecatadecerveza.com\/wp-content\/uploads\/2025\/07\/Caro-3-768x1024.png 768w, https:\/\/centrodecatadecerveza.com\/wp-content\/uploads\/2025\/07\/Caro-3-1152x1536.png 1152w, https:\/\/centrodecatadecerveza.com\/wp-content\/uploads\/2025\/07\/Caro-3.png 1200w\" sizes=\"(max-width: 225px) 100vw, 225px\" \/>\t\t\t\t\t\t\t\t\t\t\t\t\t<\/div>\n\t\t\t\t<\/div>\n\t\t\t\t\t<\/div>\n\t\t<\/div>\n\t\t\t\t\t<\/div>\n\t\t<\/section>\n\t\t\t\t<section class=\"elementor-section elementor-inner-section elementor-element elementor-element-a8cbf2f elementor-section-boxed elementor-section-height-default elementor-section-height-default\" data-id=\"a8cbf2f\" data-element_type=\"section\" data-settings=\"{&quot;background_background&quot;:&quot;classic&quot;}\">\n\t\t\t\t\t\t<div class=\"elementor-container elementor-column-gap-default\">\n\t\t\t\t\t<div class=\"elementor-column elementor-col-50 elementor-inner-column elementor-element elementor-element-9d264c6 elementor-invisible\" data-id=\"9d264c6\" data-element_type=\"column\" data-settings=\"{&quot;animation&quot;:&quot;fadeInLeft&quot;,&quot;animation_delay&quot;:200}\">\n\t\t\t<div class=\"elementor-widget-wrap elementor-element-populated\">\n\t\t\t\t\t\t<div class=\"elementor-element elementor-element-93a7565 elementor-invisible elementor-widget elementor-widget-image\" data-id=\"93a7565\" data-element_type=\"widget\" data-settings=\"{&quot;_animation&quot;:&quot;fadeIn&quot;}\" data-widget_type=\"image.default\">\n\t\t\t\t<div class=\"elementor-widget-container\">\n\t\t\t\t\t\t\t\t\t\t\t\t\t<img decoding=\"async\" width=\"768\" height=\"509\" src=\"https:\/\/centrodecatadecerveza.com\/wp-content\/uploads\/2025\/07\/Martin-2-768x509.png\" class=\"attachment-medium_large size-medium_large wp-image-416\" alt=\"\" srcset=\"https:\/\/centrodecatadecerveza.com\/wp-content\/uploads\/2025\/07\/Martin-2-768x509.png 768w, https:\/\/centrodecatadecerveza.com\/wp-content\/uploads\/2025\/07\/Martin-2-300x199.png 300w, https:\/\/centrodecatadecerveza.com\/wp-content\/uploads\/2025\/07\/Martin-2-1024x678.png 1024w, https:\/\/centrodecatadecerveza.com\/wp-content\/uploads\/2025\/07\/Martin-2-1536x1017.png 1536w, https:\/\/centrodecatadecerveza.com\/wp-content\/uploads\/2025\/07\/Martin-2-2048x1357.png 2048w\" sizes=\"(max-width: 768px) 100vw, 768px\" \/>\t\t\t\t\t\t\t\t\t\t\t\t\t<\/div>\n\t\t\t\t<\/div>\n\t\t\t\t\t<\/div>\n\t\t<\/div>\n\t\t\t\t<div class=\"elementor-column elementor-col-50 elementor-inner-column elementor-element elementor-element-9586a13 elementor-invisible\" data-id=\"9586a13\" data-element_type=\"column\" data-settings=\"{&quot;animation&quot;:&quot;fadeInRight&quot;,&quot;animation_delay&quot;:200}\">\n\t\t\t<div class=\"elementor-widget-wrap elementor-element-populated\">\n\t\t\t\t\t\t<div class=\"elementor-element elementor-element-89d9cd6 elementor-widget elementor-widget-heading\" data-id=\"89d9cd6\" data-element_type=\"widget\" data-widget_type=\"heading.default\">\n\t\t\t\t<div class=\"elementor-widget-container\">\n\t\t\t<h2 class=\"elementor-heading-title elementor-size-default\">Mart\u00edn Boan<\/h2>\t\t<\/div>\n\t\t\t\t<\/div>\n\t\t\t\t<div class=\"elementor-element elementor-element-204c1a7 elementor-widget elementor-widget-text-editor\" data-id=\"204c1a7\" data-element_type=\"widget\" data-widget_type=\"text-editor.default\">\n\t\t\t\t<div class=\"elementor-widget-container\">\n\t\t\t\t\t\t\t<p>Ingeniero qu\u00edmico y Maestr\u00eda en Administraci\u00f3n de Empresas UCEMA. Sommelier SIEBEL, Master en Tecnolog\u00eda Cervecera, Polit\u00e9cnica de Madrid y estudi\u00f3 sobre Malteo en North Dakota University. Sommelier. Co-fundador y Docente del Centro de Cata de Cervezas. Co- Fundador de Ba-Malt y Bierlife F\u00e1brica de Cerveza y Bar. Fundador y Organizador de la competencia de cerveza m\u00e1s antigua de Sudam\u00e9rica &#8211; South Beer Cup y de la competencia Nacional de mayor trayectoria &#8211; Copa Argentina de Cervezas. <\/p>\t\t\t\t\t\t<\/div>\n\t\t\t\t<\/div>\n\t\t\t\t\t<\/div>\n\t\t<\/div>\n\t\t\t\t\t<\/div>\n\t\t<\/section>\n\t\t\t\t\t<\/div>\n\t\t<\/div>\n\t\t\t\t\t<\/div>\n\t\t<\/section>\n\t\t\t\t<section class=\"elementor-section elementor-top-section elementor-element elementor-element-11186ce elementor-section-boxed elementor-section-height-default elementor-section-height-default\" data-id=\"11186ce\" data-element_type=\"section\" data-settings=\"{&quot;background_background&quot;:&quot;classic&quot;}\">\n\t\t\t\t\t\t\t<div class=\"elementor-background-overlay\"><\/div>\n\t\t\t\t\t\t\t<div class=\"elementor-container elementor-column-gap-default\">\n\t\t\t\t\t<div class=\"elementor-column elementor-col-100 elementor-top-column elementor-element elementor-element-d174394\" data-id=\"d174394\" data-element_type=\"column\">\n\t\t\t<div class=\"elementor-widget-wrap elementor-element-populated\">\n\t\t\t\t\t\t<div class=\"elementor-element elementor-element-cc9e6a1 elementor-invisible elementor-widget elementor-widget-image\" data-id=\"cc9e6a1\" data-element_type=\"widget\" data-settings=\"{&quot;_animation&quot;:&quot;fadeInUp&quot;}\" data-widget_type=\"image.default\">\n\t\t\t\t<div class=\"elementor-widget-container\">\n\t\t\t\t\t\t\t\t\t\t\t\t\t\t<a href=\"https:\/\/www.instagram.com\/centrodecata\/\" target=\"_blank\">\n\t\t\t\t\t\t\t<img decoding=\"async\" width=\"64\" height=\"64\" src=\"https:\/\/centrodecatadecerveza.com\/wp-content\/uploads\/2024\/07\/Instagram-2.png\" class=\"attachment-medium size-medium wp-image-235\" alt=\"\" \/>\t\t\t\t\t\t\t\t<\/a>\n\t\t\t\t\t\t\t\t\t\t\t\t\t<\/div>\n\t\t\t\t<\/div>\n\t\t\t\t<div class=\"elementor-element elementor-element-14451a1 elementor-invisible elementor-widget elementor-widget-heading\" data-id=\"14451a1\" data-element_type=\"widget\" data-settings=\"{&quot;_animation&quot;:&quot;zoomIn&quot;}\" data-widget_type=\"heading.default\">\n\t\t\t\t<div class=\"elementor-widget-container\">\n\t\t\t<h2 class=\"elementor-heading-title elementor-size-default\">\u00a1Seguinos en nuestro instagram para enterarte de todas las novedades!<\/h2>\t\t<\/div>\n\t\t\t\t<\/div>\n\t\t\t\t\t<\/div>\n\t\t<\/div>\n\t\t\t\t\t<\/div>\n\t\t<\/section>\n\t\t\t\t<\/div>\n\t\t","protected":false},"excerpt":{"rendered":"<p>El Centro de Cata de Cervezas Una historia que escribimos desde 2011 En el Centro De Cata De Cerveza nos dedicamos apasionadamente a difundir la cultura cervecera. Con el compromiso de educar y transmitir esta maravillosa bebida, ofrecemos cursos especializados que exploran los matices y la historia detr\u00e1s de cada cerveza. \u00bfQui\u00e9n forma parte? Carolina&hellip;&nbsp;<a href=\"https:\/\/centrodecatadecerveza.com\/index.php\/quienes-somos\/\" class=\"\" rel=\"bookmark\">Read More &raquo;<span class=\"screen-reader-text\">Quienes somos<\/span><\/a><\/p>\n","protected":false},"author":1,"featured_media":0,"parent":0,"menu_order":0,"comment_status":"closed","ping_status":"closed","template":"page-templates\/template-pagebuilder-full-width.php","meta":{"neve_meta_sidebar":"","neve_meta_container":"","neve_meta_enable_content_width":"","neve_meta_content_width":0,"neve_meta_title_alignment":"","neve_meta_author_avatar":"","neve_post_elements_order":"","neve_meta_disable_header":"","neve_meta_disable_footer":"","neve_meta_disable_title":""},"_links":{"self":[{"href":"https:\/\/centrodecatadecerveza.com\/index.php\/wp-json\/wp\/v2\/pages\/41"}],"collection":[{"href":"https:\/\/centrodecatadecerveza.com\/index.php\/wp-json\/wp\/v2\/pages"}],"about":[{"href":"https:\/\/centrodecatadecerveza.com\/index.php\/wp-json\/wp\/v2\/types\/page"}],"author":[{"embeddable":true,"href":"https:\/\/centrodecatadecerveza.com\/index.php\/wp-json\/wp\/v2\/users\/1"}],"replies":[{"embeddable":true,"href":"https:\/\/centrodecatadecerveza.com\/index.php\/wp-json\/wp\/v2\/comments?post=41"}],"version-history":[{"count":86,"href":"https:\/\/centrodecatadecerveza.com\/index.php\/wp-json\/wp\/v2\/pages\/41\/revisions"}],"predecessor-version":[{"id":521,"href":"https:\/\/centrodecatadecerveza.com\/index.php\/wp-json\/wp\/v2\/pages\/41\/revisions\/521"}],"wp:attachment":[{"href":"https:\/\/centrodecatadecerveza.com\/index.php\/wp-json\/wp\/v2\/media?parent=41"}],"curies":[{"name":"wp","href":"https:\/\/api.w.org\/{rel}","templated":true}]}}